{"id":2422,"date":"2023-11-24T18:49:43","date_gmt":"2023-11-24T15:49:43","guid":{"rendered":"https:\/\/www.dedektorfiyatlari.com\/dedektor-yazilari\/?page_id=2422"},"modified":"2023-12-26T12:56:28","modified_gmt":"2023-12-26T09:56:28","slug":"2023-dedektor-fiyatlari","status":"publish","type":"page","link":"https:\/\/www.dedektorfiyatlari.com\/dedektor-yazilari\/2023-dedektor-fiyatlari\/","title":{"rendered":"2023 Dedekt\u00f6r Fiyatlar\u0131"},"content":{"rendered":"<p>2023 y\u0131l\u0131 dedekt\u00f6r fiyatlar\u0131: Nokta, Minelab, Garrett, XP, Quest ve Conrad markal\u0131 metal dedekt\u00f6rlerinin 2023 y\u0131l\u0131 fiyatlar\u0131n\u0131 g\u00f6r&#8230;<\/p>\n<h3><a href=\"https:\/\/www.dedektorfiyatlari.com\/nokta-dedektor\">Nokta Dedekt\u00f6r Fiyatlar\u0131<\/a><\/h3>\n<ul>\n<li><strong>Nokta Score<\/strong> Dedekt\u00f6r Fiyat\u0131: <strong>449 \u20ac<span style=\"color: #ff0000;\"> (YEN\u0130!) <a href=\"https:\/\/www.dedektorfiyatlari.com\/dedektor-yazilari\/nokta-score-ve-double-score-satisa-sunuldu\/\" target=\"_blank\" rel=\"noopener\">Hemen incele<\/a><\/span><\/strong><\/li>\n<li><strong>Nokta Double Score<\/strong> Dedekt\u00f6r Fiyat\u0131: <strong>499 \u20ac <span style=\"color: #ff0000;\">(YEN\u0130!) <a href=\"https:\/\/www.dedektorfiyatlari.com\/dedektor-yazilari\/nokta-score-ve-double-score-satisa-sunuldu\/\" target=\"_blank\" rel=\"noopener\">Hemen incele<\/a><\/span><\/strong><\/li>\n<li><strong>Nokta AccuPOINT<\/strong> Pinpointer Fiyat\u0131: <strong>4.770,00 \u20ba <span style=\"color: #ff0000;\">(YEN\u0130!) <a href=\"https:\/\/www.dedektorfiyatlari.com\/nokta-accupoint-pointer-pinpointer\" target=\"_blank\" rel=\"noopener\">Hemen incele<\/a><\/span><\/strong><\/li>\n<li><strong>Nokta Pointer<\/strong> Pinpointer Fiyat\u0131: <strong>3.290,00 \u20ba <span style=\"color: #ff0000;\"> <a href=\"https:\/\/www.dedektorfiyatlari.com\/nokta-pointer-pinpointer\" target=\"_blank\" rel=\"noopener\">Hemen incele<\/a><\/span><\/strong><\/li>\n<li><strong>Nokta Simplex LITE<\/strong> Dedekt\u00f6r Fiyat\u0131: <strong>5.990,00 \u20ba <span style=\"color: #ff0000;\"> <a href=\"https:\/\/www.dedektorfiyatlari.com\/nokta-simplex-lite-dedektor\" target=\"_blank\" rel=\"noopener\">Hemen incele<\/a><\/span><\/strong><\/li>\n<li><strong>Nokta Simplex BT<\/strong> Dedekt\u00f6r Fiyat\u0131: <strong><span class=\"dedektor_fiyati\">9.490,00 \u20ba <span style=\"color: #ff0000;\"> <a href=\"https:\/\/www.dedektorfiyatlari.com\/nokta-simplex-bt-dedektor\" target=\"_blank\" rel=\"noopener\">Hemen incele<\/a><\/span><\/span><\/strong><\/li>\n<li><strong>Nokta Simplex ULTRA<\/strong> Dedekt\u00f6r Fiyat\u0131:\u00a0<strong><span class=\"dedektor_fiyati\">10.490,00 \u20ba <span style=\"color: #ff0000;\"> <a href=\"https:\/\/www.dedektorfiyatlari.com\/nokta-simplex-ultra-dedektor\" target=\"_blank\" rel=\"noopener\">Hemen incele<\/a><\/span><\/span><\/strong><\/li>\n<li><strong>Nokta The Legend<\/strong> Dedekt\u00f6r Fiyat Aral\u0131\u011f\u0131: <strong>17.990,00<span class=\"dedektor_fiyati\"> \u20ba &#8211; 23.990,00 \u20ba <span style=\"color: #ff0000;\"> <a href=\"https:\/\/www.dedektorfiyatlari.com\/nokta-the-legend-dedektor\" target=\"_blank\" rel=\"noopener\">Hemen incele<\/a><\/span><\/span><\/strong><\/li>\n<li><strong>Nokta Impact PRO<\/strong> Dedekt\u00f6r Fiyat\u0131: <strong>20.990,00<\/strong><strong><span class=\"dedektor_fiyati\"> \u20ba <span style=\"color: #ff0000;\"> <a href=\"https:\/\/www.dedektorfiyatlari.com\/nokta-impact-pro-dedektor\" target=\"_blank\" rel=\"noopener\">Hemen incele<\/a><\/span><\/span><\/strong><\/li>\n<li><strong>Nokta Invenio<\/strong> Dedekt\u00f6r Fiyat Aral\u0131\u011f\u0131: <strong>62.900,00<span class=\"dedektor_fiyati\"> \u20ba &#8211; 139.900,00 \u20ba <span style=\"color: #ff0000;\"> <a href=\"https:\/\/www.dedektorfiyatlari.com\/nokta-invenio-dedektor\" target=\"_blank\" rel=\"noopener\">Hemen incele<\/a><\/span><\/span><\/strong><\/li>\n<li><strong>Nokta Deephunter 3D PRO<\/strong> Dedekt\u00f6r Fiyat\u0131: <strong>52.900,00<span class=\"dedektor_fiyati\"> \u20ba <span style=\"color: #ff0000;\"> <a href=\"https:\/\/www.dedektorfiyatlari.com\/nokta-deephunter-3d-pro-dedektor\" target=\"_blank\" rel=\"noopener\">Hemen incele<\/a><\/span><\/span><\/strong><\/li>\n<li><strong><strong>Nokta Jeosonar 3D \u00c7ift Sistem <\/strong><\/strong>Dedekt\u00f6r Fiyat\u0131: <strong>42.900,00<span class=\"dedektor_fiyati\"> \u20ba <span style=\"color: #ff0000;\"> <a href=\"https:\/\/www.dedektorfiyatlari.com\/nokta-jeosonar-3d-cift-sistem-dedektor\" target=\"_blank\" rel=\"noopener\">Hemen incele<\/a><\/span><\/span><\/strong><\/li>\n<\/ul>\n<h3><a href=\"https:\/\/www.dedektorfiyatlari.com\/minelab-dedektor\">Minelab Dedekt\u00f6r Fiyatlar\u0131<\/a><\/h3>\n<ul>\n<li><strong>Minelab X-Terra Pro<\/strong> Dedekt\u00f6r Fiyat\u0131: <strong>15.476,00 \u20ba<\/strong><\/li>\n<li><strong>Minelab Vanquish 540 Pro<\/strong> Dedekt\u00f6r Fiyat\u0131: <strong>23.214,00 \u20ba<\/strong><\/li>\n<li><strong>Minelab Vanquish 540<\/strong> Dedekt\u00f6r Fiyat\u0131: <strong>19.126,00 \u20ba<\/strong><\/li>\n<li><strong>Minelab Vanquish 440<\/strong> Dedekt\u00f6r Fiyat\u0131: <strong>14.600,00 \u20ba<\/strong><\/li>\n<li><strong>Minelab Vanquish 340<\/strong> Dedekt\u00f6r Fiyat\u0131: <strong>11.388,00 \u20ba<\/strong><\/li>\n<\/ul>\n<h3><a href=\"https:\/\/www.dedektorfiyatlari.com\/garrett-dedektor\">Garrett Dedekt\u00f6r Fiyatlar\u0131<\/a><\/h3>\n<ul>\n<li><strong>Garrett PD 6500i Kap\u0131 Dedekt\u00f6r\u00fc<\/strong> Fiyat\u0131: <strong>232.982,64\u00a0\u20ba<\/strong><\/li>\n<li><strong>Garrett Axiom Alt\u0131n Dedekt\u00f6r\u00fc<\/strong> Fiyat\u0131: <strong>195.394,77 \u20ba<\/strong><\/li>\n<li><strong>Garrett ATX Basic Alt\u0131n Dedekt\u00f6r\u00fc<\/strong> Fiyat Aral\u0131\u011f\u0131: <strong>136.259,54 \u20ba &#8211; 160.263,82 \u20ba<\/strong><\/li>\n<li><strong>Garrett GTI 2500 Define Dedekt\u00f6r\u00fc<\/strong> Fiyat Aral\u0131\u011f\u0131:\u00a0<strong>60.010,68 \u20ba &#8211; 82.426,43 \u20ba<\/strong><\/li>\n<li><strong>Garrett At Gold Alt\u0131n Dedekt\u00f6r\u00fc<\/strong> Fiyat\u0131 : <strong>36.712,42 \u20ba<\/strong><\/li>\n<li><strong>Garrett Ace Apex<\/strong>\u00a0Dedekt\u00f6r Fiyat Aral\u0131\u011f\u0131: <strong>26.475,30 \u20ba &#8211; 34.417,89 \u20ba<\/strong><\/li>\n<li><strong>Garrett At Pro Dedekt\u00f6r<\/strong> Fiyat\u0131: <strong>31.064,35 \u20ba<\/strong><\/li>\n<\/ul>\n<h3><a href=\"https:\/\/www.dedektorfiyatlari.com\/xp-dedektor\">XP Dedekt\u00f6r Fiyatlar\u0131<\/a><\/h3>\n<ul>\n<li><strong>XP Xtrem Hunter<\/strong> Dedekt\u00f6r Fiyat Aral\u0131\u011f\u0131: <strong>61.512,89\u00a0\u20ba &#8211; 96.135,53\u00a0\u20ba<\/strong><\/li>\n<li><strong>XP Deus 2<\/strong> Dedekt\u00f6r Fiyat Aral\u0131\u011f\u0131: <strong>35.584,38 \u20ba &#8211; 61.512,89 \u20ba<\/strong><\/li>\n<li><strong>XP Deus<\/strong> Dedekt\u00f6r Fiyat Aral\u0131\u011f\u0131: <strong>21.119,81<\/strong><strong> \u20ba &#8211; 48.471,70 \u20ba<\/strong><\/li>\n<li><strong>XP MI-6 Pinpointer<\/strong>\u00a0Fiyat\u0131: <strong>6.501,36\u00a0\u20ba<\/strong><\/li>\n<li><strong>XP MI-4 Pinpointer<\/strong>\u00a0Fiyat\u0131: <strong>4.962,58\u00a0\u20ba<\/strong><\/li>\n<\/ul>\n<h3><a href=\"https:\/\/www.dedektorfiyatlari.com\/quest-dedektor\">Quest Dedekt\u00f6r Fiyatlar\u0131<\/a><\/h3>\n<ul>\n<li><strong>Quest V80<\/strong> Dedekt\u00f6r Fiyat Aral\u0131\u011f\u0131: <strong>45.492,08 \u20ba &#8211; 52.041,53 \u20ba<\/strong><\/li>\n<li><strong>Quest V60<\/strong> Dedekt\u00f6r Fiyat\u0131: <strong>39.119,65\u00a0\u20ba<\/strong><\/li>\n<li><strong>Quest Q30<\/strong> Dedekt\u00f6r Fiyat Aral\u0131\u011f\u0131: <strong>21.001,42 \u20ba &#8211; 24.601,67 \u20ba<\/strong><\/li>\n<li><strong>Quest Q35<\/strong> Dedekt\u00f6r Fiyat\u0131: <strong>26.020,76\u00a0\u20ba<\/strong><\/li>\n<li><strong>Quest Q60<\/strong> Dedekt\u00f6r Fiyat\u0131: <strong>34.502,34\u00a0\u20ba<\/strong><\/li>\n<li><strong>Quest X5<\/strong> Dedekt\u00f6r Fiyat Aral\u0131\u011f\u0131: <strong>9.877,27 \u20ba &#8211; 12.681,14 \u20ba<\/strong><\/li>\n<li><strong>Quest X10<\/strong>\u00a0Dedekt\u00f6r Fiyat Aral\u0131\u011f\u0131: <strong>13.134,29 \u20ba &#8211; 16.426,71 \u20ba<\/strong><\/li>\n<li><strong>Quest X10 Pro<\/strong> Dedekt\u00f6r Fiyat Aral\u0131\u011f\u0131: <strong>13.134,29 \u20ba &#8211; 18.060,53 \u20ba<\/strong><\/li>\n<li><strong>Quest Scuba Tector <\/strong>Su Alt\u0131 Dedekt\u00f6r\u00fc Fiyat\u0131: <strong>8.425,77\u00a0\u20ba<\/strong><\/li>\n<li><strong>Quest Scuba Tector Pro <\/strong>Su Alt\u0131 Dedekt\u00f6r\u00fc Fiyat Aral\u0131\u011f\u0131: <strong>12.036,82\u00a0\u20ba &#8211; 15.152,23 \u20ba<\/strong><\/li>\n<li><strong>Quest XPointer II <\/strong>Pinpointer Fiyat\u0131: <strong>5.416,57 \u20ba<\/strong><\/li>\n<li><strong>Quest XPointer Max <\/strong>Pinpointer Fiyat\u0131: <strong>7.257,49 \u20ba<\/strong><\/li>\n<li><strong>Quest XPointer Pro <\/strong>Pinpointer Fiyat\u0131: <strong>6.480,44\u00a0\u20ba<\/strong><\/li>\n<\/ul>\n<h3><a href=\"https:\/\/www.dedektorfiyatlari.com\/conrad-dedektor\">Conrad Dedekt\u00f6r Fiyatlar\u0131<\/a><\/h3>\n<ul>\n<li><strong><strong>Conrad GR-3 Plus <\/strong><\/strong>Dedekt\u00f6r Fiyat\u0131: <strong>37.583,00<\/strong> <strong>\u20ba<\/strong><\/li>\n<li><strong>Conrad GR-3\u00a0<\/strong>Dedekt\u00f6r Fiyat\u0131: <strong>31.801,00<\/strong>\u00a0<strong>\u20ba<\/strong><\/li>\n<li><strong>Conrad Geo &#8211; X4<\/strong>\u00a0Dedekt\u00f6r Fiyat\u0131: <strong>93.957,50 \u20ba<\/strong><\/li>\n<li><strong>Conrad X-3 Ultra<\/strong> Dedekt\u00f6r Fiyat\u0131: <strong>65.047,50 \u20ba<\/strong><\/li>\n<li><strong>Conrad Pro 800<\/strong> Dedekt\u00f6r Fiyat\u0131: <strong>47.701,50 \u20ba<\/strong><\/li>\n<li><strong>Conrad Pro 900<\/strong> Dedekt\u00f6r Fiyat\u0131: <strong>54.929,00\u00a0\u20ba<\/strong><\/li>\n<\/ul>\n<p>&nbsp;<\/p>\n<p><strong>2023&#8217;te en iyi fiyatlarla metal dedekt\u00f6rleri<\/strong> nas\u0131l bulabilirsiniz? \u0130\u015fte size baz\u0131 ipu\u00e7lar\u0131!<\/p>\n<p>&nbsp;<\/p>\n<p><strong>1. Fiyat ve Kalite \u0130li\u015fkisi<\/strong>: Metal dedekt\u00f6rleri, \u00f6zelliklerine g\u00f6re fiyatland\u0131r\u0131l\u0131r. Ayr\u0131ca daha fazla \u00f6zellik, genellikle daha y\u00fcksek fiyata i\u015faret eder. Dolay\u0131s\u0131yla kaliteli bir dedekt\u00f6r, uzun vadede daha ekonomiktir.<\/p>\n<p>&nbsp;<\/p>\n<p><strong>2. Ba\u015flang\u0131\u00e7 Seviyesi Dedekt\u00f6rler:<\/strong> Yeni ba\u015flayanlar i\u00e7in, ba\u015flang\u0131\u00e7 seviyesi dedekt\u00f6rler idealdir. Ayr\u0131ca bu dedekt\u00f6rler, genellikle daha uygun fiyatl\u0131d\u0131r ve temel \u00f6zelliklere sahiptir.<\/p>\n<p>&nbsp;<\/p>\n<p><strong>3. Orta Seviye Dedekt\u00f6rler:<\/strong> Daha deneyimli kullan\u0131c\u0131lar i\u00e7in orta seviye dedekt\u00f6rler uygundur. Ayr\u0131ca daha geli\u015fmi\u015f \u00f6zellikler sunarlar ve \u00e7e\u015fitli arazilerde kullan\u0131labilirler.<\/p>\n<p>&nbsp;<\/p>\n<p><strong>4. Profesyonel Dedekt\u00f6rler:<\/strong> Profesyonel dedekt\u00f6rler, en \u00fcst d\u00fczey \u00f6zelliklere sahiptir. Ayr\u0131ca detay vermek gerekirse arazi adaptasyonu, derinlik alg\u0131lama ve hassasiyet gibi \u00f6zellikler bu kategoride olduk\u00e7a \u00f6nemlidir.<\/p>\n<p>&nbsp;<\/p>\n<p><strong>Sonu\u00e7:<\/strong><\/p>\n<p>Fiyat\/performans kar\u015f\u0131la\u015ft\u0131rmas\u0131 yapmak \u00f6nemlidir ayr\u0131ca \u00e7evrimi\u00e7i ma\u011fazalar ve yerel sat\u0131c\u0131lar aras\u0131nda fiyatlar\u0131 kar\u015f\u0131la\u015ft\u0131r\u0131n. Ek olarak promosyon ve indirimleri takip edin ve metal dedekt\u00f6r\u00fc sat\u0131n al\u0131rken, b\u00fct\u00e7enizi ve ihtiya\u00e7lar\u0131n\u0131z\u0131 dikkate al\u0131n. Ayr\u0131ca, kaliteli bir dedekt\u00f6r, uzun s\u00fcreli bir yat\u0131r\u0131md\u0131r.<\/p>\n<p>&nbsp;<\/p>\n<p><strong>Pop\u00fcler Metal Dedekt\u00f6r Markalar\u0131:<\/strong><\/p>\n<ol>\n<li>Nokta<\/li>\n<li>XP<\/li>\n<li>Minelab<\/li>\n<li>Garrett<\/li>\n<li>Quest<\/li>\n<\/ol>\n<p>&nbsp;<\/p>\n<p><em>Not: Bu sayfadaki dedekt\u00f6r fiyatlar\u0131 <strong>27.11.2023<\/strong> tarihinde girilmi\u015ftir. G\u00fcncel fiyat bilgileri i\u00e7in: <a href=\"https:\/\/www.dedektorfiyatlari.com\/dedektor-yazilari\/\" target=\"_blank\" rel=\"noopener\">dedektorfiyatlari.com<\/a>&#8216; u ziyaret ediniz.<\/em><\/p>\n","protected":false},"excerpt":{"rendered":"<p>2023 y\u0131l\u0131 dedekt\u00f6r fiyatlar\u0131: Nokta, Minelab, Garrett, XP, Quest ve Conrad markal\u0131 metal dedekt\u00f6rlerinin 2023 y\u0131l\u0131 fiyatlar\u0131n\u0131 g\u00f6r&#8230; Nokta Dedekt\u00f6r Fiyatlar\u0131 Nokta Score Dedekt\u00f6r Fiyat\u0131: 449 \u20ac (YEN\u0130!) Hemen incele Nokta Double Score Dedekt\u00f6r Fiyat\u0131: 499 \u20ac (YEN\u0130!) Hemen incele Nokta AccuPOINT Pinpointer Fiyat\u0131: 4.770,00 \u20ba (YEN\u0130!) Hemen incele Nokta Pointer Pinpointer Fiyat\u0131: 3.290,00 \u20ba [&hellip;]<\/p>\n","protected":false},"author":1,"featured_media":2423,"parent":0,"menu_order":0,"comment_status":"closed","ping_status":"closed","template":"","meta":{"inline_featured_image":false,"footnotes":""},"class_list":["post-2422","page","type-page","status-publish","has-post-thumbnail","hentry"],"yoast_head":"<!-- This site is optimized with the Yoast SEO Premium plugin v23.5 (Yoast SEO v27.1.1) - https:\/\/yoast.com\/product\/yoast-seo-premium-wordpress\/ -->\n<title>2023 Dedekt\u00f6r Fiyatlar\u0131 - Dedekt\u00f6r Fiyatlar\u0131<\/title>\n<meta name=\"description\" content=\"2023 y\u0131l\u0131 dedekt\u00f6r fiyatlar\u0131: Nokta, Minelab, Garrett, XP, Quest ve Conrad markal\u0131 metal dedekt\u00f6rlerinin 2023 y\u0131l\u0131 fiyatlar\u0131n\u0131 g\u00f6r...\" \/>\n<meta name=\"robots\" content=\"index, follow, max-snippet:-1, max-image-preview:large, max-video-preview:-1\" \/>\n<link rel=\"canonical\" href=\"https:\/\/www.dedektorfiyatlari.com\/dedektor-yazilari\/2023-dedektor-fiyatlari\/\" \/>\n<meta property=\"og:locale\" content=\"tr_TR\" \/>\n<meta property=\"og:type\" content=\"article\" \/>\n<meta property=\"og:title\" content=\"2023 Dedekt\u00f6r Fiyatlar\u0131\" \/>\n<meta property=\"og:description\" content=\"2023 y\u0131l\u0131 dedekt\u00f6r fiyatlar\u0131: Nokta, Minelab, Garrett, XP, Quest ve Conrad markal\u0131 metal dedekt\u00f6rlerinin 2023 y\u0131l\u0131 fiyatlar\u0131n\u0131 g\u00f6r...\" \/>\n<meta property=\"og:url\" content=\"https:\/\/www.dedektorfiyatlari.com\/dedektor-yazilari\/2023-dedektor-fiyatlari\/\" \/>\n<meta property=\"og:site_name\" content=\"Dedekt\u00f6r Fiyatlar\u0131\" \/>\n<meta property=\"article:publisher\" content=\"https:\/\/www.facebook.com\/dedektorfiyatlaricom\" \/>\n<meta property=\"article:modified_time\" content=\"2023-12-26T09:56:28+00:00\" \/>\n<meta property=\"og:image\" content=\"https:\/\/www.dedektorfiyatlari.com\/dedektor-yazilari\/wp-content\/uploads\/2023\/11\/2023-dedektor-fiyatlari-sm-kapak.jpg\" \/>\n\t<meta property=\"og:image:width\" content=\"1200\" \/>\n\t<meta property=\"og:image:height\" content=\"675\" \/>\n\t<meta property=\"og:image:type\" content=\"image\/jpeg\" \/>\n<meta name=\"twitter:card\" content=\"summary_large_image\" \/>\n<meta name=\"twitter:image\" content=\"https:\/\/www.dedektorfiyatlari.com\/dedektor-yazilari\/wp-content\/uploads\/2023\/11\/2023-dedektor-fiyatlari-sm-kapak.jpg\" \/>\n<meta name=\"twitter:label1\" content=\"Tahmini okuma s\u00fcresi\" \/>\n\t<meta name=\"twitter:data1\" content=\"4 dakika\" \/>\n<!-- \/ Yoast SEO Premium plugin. -->","yoast_head_json":{"title":"2023 Dedekt\u00f6r Fiyatlar\u0131 - Dedekt\u00f6r Fiyatlar\u0131","description":"2023 y\u0131l\u0131 dedekt\u00f6r fiyatlar\u0131: Nokta, Minelab, Garrett, XP, Quest ve Conrad markal\u0131 metal dedekt\u00f6rlerinin 2023 y\u0131l\u0131 fiyatlar\u0131n\u0131 g\u00f6r...","robots":{"index":"index","follow":"follow","max-snippet":"max-snippet:-1","max-image-preview":"max-image-preview:large","max-video-preview":"max-video-preview:-1"},"canonical":"https:\/\/www.dedektorfiyatlari.com\/dedektor-yazilari\/2023-dedektor-fiyatlari\/","og_locale":"tr_TR","og_type":"article","og_title":"2023 Dedekt\u00f6r Fiyatlar\u0131","og_description":"2023 y\u0131l\u0131 dedekt\u00f6r fiyatlar\u0131: Nokta, Minelab, Garrett, XP, Quest ve Conrad markal\u0131 metal dedekt\u00f6rlerinin 2023 y\u0131l\u0131 fiyatlar\u0131n\u0131 g\u00f6r...","og_url":"https:\/\/www.dedektorfiyatlari.com\/dedektor-yazilari\/2023-dedektor-fiyatlari\/","og_site_name":"Dedekt\u00f6r Fiyatlar\u0131","article_publisher":"https:\/\/www.facebook.com\/dedektorfiyatlaricom","article_modified_time":"2023-12-26T09:56:28+00:00","og_image":[{"width":1200,"height":675,"url":"https:\/\/www.dedektorfiyatlari.com\/dedektor-yazilari\/wp-content\/uploads\/2023\/11\/2023-dedektor-fiyatlari-sm-kapak.jpg","type":"image\/jpeg"}],"twitter_card":"summary_large_image","twitter_image":"https:\/\/www.dedektorfiyatlari.com\/dedektor-yazilari\/wp-content\/uploads\/2023\/11\/2023-dedektor-fiyatlari-sm-kapak.jpg","twitter_misc":{"Tahmini okuma s\u00fcresi":"4 dakika"},"schema":{"@context":"https:\/\/schema.org","@graph":[{"@type":"WebPage","@id":"https:\/\/www.dedektorfiyatlari.com\/dedektor-yazilari\/2023-dedektor-fiyatlari\/","url":"https:\/\/www.dedektorfiyatlari.com\/dedektor-yazilari\/2023-dedektor-fiyatlari\/","name":"2023 Dedekt\u00f6r Fiyatlar\u0131 - Dedekt\u00f6r Fiyatlar\u0131","isPartOf":{"@id":"https:\/\/www.dedektorfiyatlari.com\/dedektor-yazilari\/#website"},"primaryImageOfPage":{"@id":"https:\/\/www.dedektorfiyatlari.com\/dedektor-yazilari\/2023-dedektor-fiyatlari\/#primaryimage"},"image":{"@id":"https:\/\/www.dedektorfiyatlari.com\/dedektor-yazilari\/2023-dedektor-fiyatlari\/#primaryimage"},"thumbnailUrl":"https:\/\/www.dedektorfiyatlari.com\/dedektor-yazilari\/wp-content\/uploads\/2023\/11\/2023-dedektor-fiyatlari-kapak.webp","datePublished":"2023-11-24T15:49:43+00:00","dateModified":"2023-12-26T09:56:28+00:00","description":"2023 y\u0131l\u0131 dedekt\u00f6r fiyatlar\u0131: Nokta, Minelab, Garrett, XP, Quest ve Conrad markal\u0131 metal dedekt\u00f6rlerinin 2023 y\u0131l\u0131 fiyatlar\u0131n\u0131 g\u00f6r...","breadcrumb":{"@id":"https:\/\/www.dedektorfiyatlari.com\/dedektor-yazilari\/2023-dedektor-fiyatlari\/#breadcrumb"},"inLanguage":"tr","potentialAction":[{"@type":"ReadAction","target":["https:\/\/www.dedektorfiyatlari.com\/dedektor-yazilari\/2023-dedektor-fiyatlari\/"]}]},{"@type":"ImageObject","inLanguage":"tr","@id":"https:\/\/www.dedektorfiyatlari.com\/dedektor-yazilari\/2023-dedektor-fiyatlari\/#primaryimage","url":"https:\/\/www.dedektorfiyatlari.com\/dedektor-yazilari\/wp-content\/uploads\/2023\/11\/2023-dedektor-fiyatlari-kapak.webp","contentUrl":"https:\/\/www.dedektorfiyatlari.com\/dedektor-yazilari\/wp-content\/uploads\/2023\/11\/2023-dedektor-fiyatlari-kapak.webp","width":1200,"height":675,"caption":"2023 Dedekt\u00f6r Fiyatlar\u0131 - Kapak"},{"@type":"BreadcrumbList","@id":"https:\/\/www.dedektorfiyatlari.com\/dedektor-yazilari\/2023-dedektor-fiyatlari\/#breadcrumb","itemListElement":[{"@type":"ListItem","position":1,"name":"Anasayfa","item":"https:\/\/www.dedektorfiyatlari.com\/dedektor-yazilari\/"},{"@type":"ListItem","position":2,"name":"2023 Dedekt\u00f6r Fiyatlar\u0131"}]},{"@type":"WebSite","@id":"https:\/\/www.dedektorfiyatlari.com\/dedektor-yazilari\/#website","url":"https:\/\/www.dedektorfiyatlari.com\/dedektor-yazilari\/","name":"Dedekt\u00f6r Fiyatlar\u0131","description":"Metal Dedekt\u00f6rleri Hakk\u0131nda Her \u015eey","publisher":{"@id":"https:\/\/www.dedektorfiyatlari.com\/dedektor-yazilari\/#organization"},"alternateName":"Dedekt\u00f6r Fiyatlar\u0131","potentialAction":[{"@type":"SearchAction","target":{"@type":"EntryPoint","urlTemplate":"https:\/\/www.dedektorfiyatlari.com\/dedektor-yazilari\/?s={search_term_string}"},"query-input":{"@type":"PropertyValueSpecification","valueRequired":true,"valueName":"search_term_string"}}],"inLanguage":"tr"},{"@type":"Organization","@id":"https:\/\/www.dedektorfiyatlari.com\/dedektor-yazilari\/#organization","name":"Dedekt\u00f6r Fiyatlar\u0131","alternateName":"Dedekt\u00f6r Fiyatlar\u0131","url":"https:\/\/www.dedektorfiyatlari.com\/dedektor-yazilari\/","logo":{"@type":"ImageObject","inLanguage":"tr","@id":"https:\/\/www.dedektorfiyatlari.com\/dedektor-yazilari\/#\/schema\/logo\/image\/","url":"https:\/\/www.dedektorfiyatlari.com\/dedektor-yazilari\/wp-content\/uploads\/2023\/12\/dedektor-fiyatlari-logo.svg","contentUrl":"https:\/\/www.dedektorfiyatlari.com\/dedektor-yazilari\/wp-content\/uploads\/2023\/12\/dedektor-fiyatlari-logo.svg","width":160,"height":42,"caption":"Dedekt\u00f6r Fiyatlar\u0131"},"image":{"@id":"https:\/\/www.dedektorfiyatlari.com\/dedektor-yazilari\/#\/schema\/logo\/image\/"},"sameAs":["https:\/\/www.facebook.com\/dedektorfiyatlaricom","https:\/\/www.instagram.com\/dedektorfiyatlari\/","https:\/\/tr.pinterest.com\/dedektorfiyatlari\/","https:\/\/www.youtube.com\/@detectorvideos"],"publishingPrinciples":"https:\/\/www.dedektorfiyatlari.com\/dedektor-yazilari\/cerez-politikasi\/","ownershipFundingInfo":"https:\/\/www.dedektorfiyatlari.com\/dedektor-yazilari\/hakkimizda\/","actionableFeedbackPolicy":"https:\/\/www.dedektorfiyatlari.com\/dedektor-yazilari\/iletisim\/","correctionsPolicy":"https:\/\/www.dedektorfiyatlari.com\/dedektor-yazilari\/cerez-politikasi\/","ethicsPolicy":"https:\/\/www.dedektorfiyatlari.com\/dedektor-yazilari\/cerez-politikasi\/","diversityPolicy":"https:\/\/www.dedektorfiyatlari.com\/dedektor-yazilari\/cerez-politikasi\/","diversityStaffingReport":"https:\/\/www.dedektorfiyatlari.com\/dedektor-yazilari\/cerez-politikasi\/"}]}},"post_mailing_queue_ids":[],"_links":{"self":[{"href":"https:\/\/www.dedektorfiyatlari.com\/dedektor-yazilari\/wp-json\/wp\/v2\/pages\/2422","targetHints":{"allow":["GET"]}}],"collection":[{"href":"https:\/\/www.dedektorfiyatlari.com\/dedektor-yazilari\/wp-json\/wp\/v2\/pages"}],"about":[{"href":"https:\/\/www.dedektorfiyatlari.com\/dedektor-yazilari\/wp-json\/wp\/v2\/types\/page"}],"author":[{"embeddable":true,"href":"https:\/\/www.dedektorfiyatlari.com\/dedektor-yazilari\/wp-json\/wp\/v2\/users\/1"}],"replies":[{"embeddable":true,"href":"https:\/\/www.dedektorfiyatlari.com\/dedektor-yazilari\/wp-json\/wp\/v2\/comments?post=2422"}],"version-history":[{"count":0,"href":"https:\/\/www.dedektorfiyatlari.com\/dedektor-yazilari\/wp-json\/wp\/v2\/pages\/2422\/revisions"}],"wp:featuredmedia":[{"embeddable":true,"href":"https:\/\/www.dedektorfiyatlari.com\/dedektor-yazilari\/wp-json\/wp\/v2\/media\/2423"}],"wp:attachment":[{"href":"https:\/\/www.dedektorfiyatlari.com\/dedektor-yazilari\/wp-json\/wp\/v2\/media?parent=2422"}],"curies":[{"name":"wp","href":"https:\/\/api.w.org\/{rel}","templated":true}]}}